{"id":833,"date":"2018-01-24T16:20:28","date_gmt":"2018-01-24T16:20:28","guid":{"rendered":"http:\/\/demo.bullseye.pt\/wp\/europeansky\/www\/?page_id=74"},"modified":"2020-02-17T14:06:38","modified_gmt":"2020-02-17T14:06:38","slug":"home","status":"publish","type":"page","link":"https:\/\/europeansky.pt\/fr\/","title":{"rendered":"Accueil"},"content":{"rendered":"<p>[main_slider text=\u00a0\u00bbMake your dreams Happen\u00a0\u00bb title=\u00a0\u00bbDreaming is so easy.\u00a0\u00bb]94,64,62,43[\/main_slider][icon_blocks title=\u00a0\u00bbFacteurs\u00a0\u00bb text=\u00a0\u00bbFacteurs\u00a0\u00bb][icon_block title=\u00a0\u00bbTemp\u00e9rature\u00a0\u00bb text=\u00a0\u00bbEn g\u00e9n\u00e9ral, le climat est d\u00e9crit comme l&rsquo;\u00e9tat de l&rsquo;atmosph\u00e8re \u00e0 un endroit donn\u00e9. Le climat de sommeil agr\u00e9able, surtout par rapport \u00e0 la pi\u00e8ce, se r\u00e9f\u00e8re principalement \u00e0 la circulation de l&rsquo;air et \u00e0 la teneur en humidit\u00e9 de l&rsquo;environnement. Pour bien dormir et confortablement, l&rsquo;environnement ne doit pas \u00eatre trop chaud ou trop froid. La temp\u00e9rature ambiante id\u00e9ale pour un bon sommeil est comprise entre 16 et 21 degr\u00e9s.\u00a0\u00bb image=\u00a0\u00bbundefined\u00a0\u00bb\/][icon_block title=\u00a0\u00bbOdeur\u00a0\u00bb text=\u00a0\u00bbLes matelas sont responsables de l&rsquo;accommodation de tout notre corps et doivent donc \u00eatre choisis en fonction de facteurs tels que la structure du corps et le poids. En outre, pour assurer la qualit\u00e9 du sommeil, la pi\u00e8ce doit toujours \u00eatre propre et a\u00e9r\u00e9e.<br \/>\nEn plus de choisir un matelas avec un tissu respirant, anti-acariens et les champignons, le nettoyage est important parce que les matelas sont soumis \u00e0 des fluides, la poussi\u00e8re, la transpiration, ce qui peut provoquer des allergies cutan\u00e9es ou respiratoires\u00a0\u00bb image=\u00a0\u00bbundefined\u00a0\u00bb\/][icon_block image=\u00a0\u00bbundefined\u00a0\u00bb text=\u00a0\u00bbL&rsquo;humidit\u00e9 et la temp\u00e9rature sont devenues un facteur essentiel dans la conception et la fonction des surfaces de support.<br \/>\nLe contr\u00f4le de l&rsquo;humidit\u00e9 et de la temp\u00e9rature associ\u00e9 \u00e0 la transpiration est efficacement administr\u00e9 sur des matelas actifs, qui procurent un soulagement fr\u00e9quent des pressions de contact avec la peau car ils permettent \u00e0 l&rsquo;air de circuler autour de la peau et \u00e0 l&rsquo;interface avec le matelas. Cela reproduit le mouvement spontan\u00e9 d&rsquo;une personne pour enlever le contact et permettre \u00e0 la chaleur de se propager, en \u00e9vitant la transpiration excessive. Un changement fr\u00e9quent du flux d&rsquo;air dans les cellules aidera \u00e9galement \u00e0 pr\u00e9venir l&rsquo;accumulation de chaleur.<br \/>\n\u00a0\u00bb title=\u00a0\u00bbFlux d&rsquo;air\u00a0\u00bb\/][icon_block title=\u00a0\u00bbDensit\u00e9\u00a0\u00bb text=\u00a0\u00bbLors de l&rsquo;achat de matelas, surtout si elle est un matelas en mousse, il est tr\u00e8s important que le produit est adapt\u00e9 pour le poids et la taille de l&rsquo;utilisateur, de sorte que le produit a une vie plus longue et assurer toujours le confort et la sant\u00e9 au client.<br \/>\nL&rsquo;un des principaux conseils pour qui divise le matelas avec une autre personne est de mesurer la densit\u00e9 en utilisant comme donn\u00e9es la plus grande hauteur et aussi le plus grand poids, c&rsquo;est-\u00e0-dire les donn\u00e9es de la personne plus lourde qui utilisera le lit. De cette fa\u00e7on, le produit sera confortable pour les deux, puisque le matelas \u00e0 choisir devrait avoir une densit\u00e9 plus \u00e9lev\u00e9e\u00a0\u00bb image=\u00a0\u00bbundefined\u00a0\u00bb\/][\/icon_blocks][shipping_block image=\u00a0\u00bb118&Prime; text=\u00a0\u00bbJust download the app from the store.<br \/>\nSimple, nice and user-friendly application of theweather. Only relevant and useful information.\u00a0\u00bb title=\u00a0\u00bbLivraison gratuite\u00a0\u00bb\/][quote_blocks title=\u00a0\u00bbCritiques\u00a0\u00bb text=\u00a0\u00bbConsommateurs\u00a0\u00bb][quote_block text=\u00a0\u00bbWhat art offers is space &#8211; a certain breathing room for the spirit. \u00a0\u00bb name=\u00a0\u00bbJohn Updike\u00a0\u00bb\/][quote_block text=\u00a0\u00bbWe do not see nature with our eyes, but with our understandings and our hearts.\u00a0\u00bb name=\u00a0\u00bbWilliam Hazlitt\u00a0\u00bb\/][quote_block text=\u00a0\u00bbThe only courage that matters is the kind that gets you from one moment to the next.\u00a0\u00bb name=\u00a0\u00bbMignon McLaughlin\u00a0\u00bb\/][quote_block text=\u00a0\u00bbNo man has a good enough memory to be a successful liar. \u00a0\u00bb name=\u00a0\u00bbAbraham Lincoln\u00a0\u00bb\/][\/quote_blocks]<\/p>\n","protected":false},"excerpt":{"rendered":"<p>[main_slider text=\u00a0\u00bbMake your dreams Happen\u00a0\u00bb title=\u00a0\u00bbDreaming is so easy.\u00a0\u00bb]94,64,62,43[\/main_slider][icon_blocks title=\u00a0\u00bbFacteurs\u00a0\u00bb text=\u00a0\u00bbFacteurs\u00a0\u00bb][icon_block title=\u00a0\u00bbTemp\u00e9rature\u00a0\u00bb text=\u00a0\u00bbEn g\u00e9n\u00e9ral, le climat est d\u00e9crit comme l&rsquo;\u00e9tat de l&rsquo;atmosph\u00e8re \u00e0 un endroit donn\u00e9. Le climat de sommeil agr\u00e9able, surtout par rapport \u00e0 la pi\u00e8ce, se r\u00e9f\u00e8re principalement \u00e0 la circulation de l&rsquo;air et \u00e0 la teneur en humidit\u00e9 de l&rsquo;environnement. Pour bien [&hellip;]<\/p>\n","protected":false},"author":1,"featured_media":0,"parent":0,"menu_order":0,"comment_status":"closed","ping_status":"closed","template":"","meta":{"inline_featured_image":false,"footnotes":""},"class_list":["post-833","page","type-page","status-publish","hentry"],"_links":{"self":[{"href":"https:\/\/europeansky.pt\/fr\/wp-json\/wp\/v2\/pages\/833","targetHints":{"allow":["GET"]}}],"collection":[{"href":"https:\/\/europeansky.pt\/fr\/wp-json\/wp\/v2\/pages"}],"about":[{"href":"https:\/\/europeansky.pt\/fr\/wp-json\/wp\/v2\/types\/page"}],"author":[{"embeddable":true,"href":"https:\/\/europeansky.pt\/fr\/wp-json\/wp\/v2\/users\/1"}],"replies":[{"embeddable":true,"href":"https:\/\/europeansky.pt\/fr\/wp-json\/wp\/v2\/comments?post=833"}],"version-history":[{"count":7,"href":"https:\/\/europeansky.pt\/fr\/wp-json\/wp\/v2\/pages\/833\/revisions"}],"predecessor-version":[{"id":3454,"href":"https:\/\/europeansky.pt\/fr\/wp-json\/wp\/v2\/pages\/833\/revisions\/3454"}],"wp:attachment":[{"href":"https:\/\/europeansky.pt\/fr\/wp-json\/wp\/v2\/media?parent=833"}],"curies":[{"name":"wp","href":"https:\/\/api.w.org\/{rel}","templated":true}]}}