{"id":831,"date":"2018-01-24T14:39:57","date_gmt":"2018-01-24T14:39:57","guid":{"rendered":"http:\/\/demo.bullseye.pt\/wp\/europeansky\/www\/?page_id=66"},"modified":"2020-02-17T12:45:14","modified_gmt":"2020-02-17T12:45:14","slug":"about","status":"publish","type":"page","link":"https:\/\/europeansky.pt\/fr\/about\/","title":{"rendered":"\u00c0 propos"},"content":{"rendered":"<p>Nous avons fait un r\u00eave! Aujourd&rsquo;hui est une r\u00e9alit\u00e9.<br \/>\nNotre histoire remonte \u00e0 1993 et les objectifs depuis ont toujours \u00e9t\u00e9 clairs: fabriquer les meilleurs produits sur le march\u00e9.<\/p>\n<p>Aujourd&rsquo;hui comme hier, nous travaillons sur le prestige de la marque avec des objectifs d&rsquo;excellence pour des produits tels que matelas, sommiers, sommiers, draps, couettes et oreillers.<br \/>\nPr\u00e8s de 24 ans plus tard, nous avons commenc\u00e9 une nouvelle \u00e9tape avec le renouvellement de la marque et des produits. Nous couvrons tous les objectifs du march\u00e9 gr\u00e2ce \u00e0 notre dipl\u00f4me technologique, \u00e0 notre main-d&rsquo;\u0153uvre sp\u00e9cialis\u00e9e et \u00e0 nos produits diff\u00e9renci\u00e9s.<\/p>\n<p>Nous n\u2019avons jamais oubli\u00e9 que le confort et le sommeil r\u00e9parateur sont essentiels \u00e0 la sant\u00e9 et au bien-\u00eatre. C\u2019est pourquoi nous faisons de notre mieux pour penser \u00e0 vous et \u00e0 votre famille.<\/p>\n","protected":false},"excerpt":{"rendered":"<p>Nous avons fait un r\u00eave! Aujourd&rsquo;hui est une r\u00e9alit\u00e9. Notre histoire remonte \u00e0 1993 et les objectifs depuis ont toujours \u00e9t\u00e9 clairs: fabriquer les meilleurs produits sur le march\u00e9. Aujourd&rsquo;hui comme hier, nous travaillons sur le prestige de la marque avec des objectifs d&rsquo;excellence pour des produits tels que matelas, sommiers, sommiers, draps, couettes et [&hellip;]<\/p>\n","protected":false},"author":1,"featured_media":0,"parent":0,"menu_order":0,"comment_status":"closed","ping_status":"closed","template":"","meta":{"inline_featured_image":false,"footnotes":""},"class_list":["post-831","page","type-page","status-publish","hentry"],"_links":{"self":[{"href":"https:\/\/europeansky.pt\/fr\/wp-json\/wp\/v2\/pages\/831","targetHints":{"allow":["GET"]}}],"collection":[{"href":"https:\/\/europeansky.pt\/fr\/wp-json\/wp\/v2\/pages"}],"about":[{"href":"https:\/\/europeansky.pt\/fr\/wp-json\/wp\/v2\/types\/page"}],"author":[{"embeddable":true,"href":"https:\/\/europeansky.pt\/fr\/wp-json\/wp\/v2\/users\/1"}],"replies":[{"embeddable":true,"href":"https:\/\/europeansky.pt\/fr\/wp-json\/wp\/v2\/comments?post=831"}],"version-history":[{"count":3,"href":"https:\/\/europeansky.pt\/fr\/wp-json\/wp\/v2\/pages\/831\/revisions"}],"predecessor-version":[{"id":3443,"href":"https:\/\/europeansky.pt\/fr\/wp-json\/wp\/v2\/pages\/831\/revisions\/3443"}],"wp:attachment":[{"href":"https:\/\/europeansky.pt\/fr\/wp-json\/wp\/v2\/media?parent=831"}],"curies":[{"name":"wp","href":"https:\/\/api.w.org\/{rel}","templated":true}]}}