{"id":3051,"date":"2020-02-17T10:58:00","date_gmt":"2020-02-17T10:58:00","guid":{"rendered":"https:\/\/demo.europeansky.pt\/?post_type=product&#038;p=3051"},"modified":"2025-03-25T10:44:19","modified_gmt":"2025-03-25T10:44:19","slug":"colchao-florenca-2","status":"publish","type":"product","link":"https:\/\/europeansky.pt\/es\/shop\/colchao-florenca-2\/","title":{"rendered":"Colchon Floren\u00e7a"},"content":{"rendered":"<p>Si considera que el descanso es un privilegio, tenemos el colch\u00f3n ideal para usted. Florence es un colch\u00f3n que puede garantizarle una noche de sue\u00f1o reparador, que ser\u00e1 la clave para que se sienta fresco y fresco d\u00eda tras d\u00eda.<\/p>\n","protected":false},"excerpt":{"rendered":"<ul>\n<li>Tejido el\u00e1stico 300gr \/ m2<\/li>\n<li>Fibra 150gr \/ m2<\/li>\n<li>Soporte articular de fibra<\/li>\n<li>Viscoel\u00e1stico 50Kg \/ m3<\/li>\n<li>Capa firme<\/li>\n<li>Caja de resorte en bolsas<\/li>\n<li>27 cm de altura<\/li>\n<\/ul>\n","protected":false},"featured_media":40246,"comment_status":"closed","ping_status":"closed","template":"","meta":{"inline_featured_image":false},"product_brand":[],"product_cat":[84,85],"product_tag":[],"class_list":{"0":"post-3051","1":"product","2":"type-product","3":"status-publish","4":"has-post-thumbnail","6":"product_cat-molas-ensacadas","7":"product_cat-visco-elastico","9":"first","10":"instock","11":"shipping-taxable","12":"product-type-variable"},"_links":{"self":[{"href":"https:\/\/europeansky.pt\/es\/wp-json\/wp\/v2\/product\/3051","targetHints":{"allow":["GET"]}}],"collection":[{"href":"https:\/\/europeansky.pt\/es\/wp-json\/wp\/v2\/product"}],"about":[{"href":"https:\/\/europeansky.pt\/es\/wp-json\/wp\/v2\/types\/product"}],"replies":[{"embeddable":true,"href":"https:\/\/europeansky.pt\/es\/wp-json\/wp\/v2\/comments?post=3051"}],"wp:featuredmedia":[{"embeddable":true,"href":"https:\/\/europeansky.pt\/es\/wp-json\/wp\/v2\/media\/40246"}],"wp:attachment":[{"href":"https:\/\/europeansky.pt\/es\/wp-json\/wp\/v2\/media?parent=3051"}],"wp:term":[{"taxonomy":"product_brand","embeddable":true,"href":"https:\/\/europeansky.pt\/es\/wp-json\/wp\/v2\/product_brand?post=3051"},{"taxonomy":"product_cat","embeddable":true,"href":"https:\/\/europeansky.pt\/es\/wp-json\/wp\/v2\/product_cat?post=3051"},{"taxonomy":"product_tag","embeddable":true,"href":"https:\/\/europeansky.pt\/es\/wp-json\/wp\/v2\/product_tag?post=3051"}],"curies":[{"name":"wp","href":"https:\/\/api.w.org\/{rel}","templated":true}]}}