{"id":833,"date":"2018-01-24T16:20:28","date_gmt":"2018-01-24T16:20:28","guid":{"rendered":"http:\/\/demo.bullseye.pt\/wp\/europeansky\/www\/?page_id=74"},"modified":"2020-02-17T14:06:38","modified_gmt":"2020-02-17T14:06:38","slug":"home","status":"publish","type":"page","link":"https:\/\/europeansky.pt\/es\/","title":{"rendered":"Inicio"},"content":{"rendered":"<p>[main_slider text=\u00bbMake your Dreams Happen\u00bb title=\u00bbDreaming is so easy.\u00bb]94,64,62,43[\/main_slider][icon_blocks title=\u00bbFactores\u00bb text=\u00bbFactores\u00bb][icon_block title=\u00bbTemperatura\u00bb text=\u00bbEn general, el clima se describe como el estado de la atm\u00f3sfera en un lugar determinado. El clima agradable para dormir, especialmente en relaci\u00f3n a la habitaci\u00f3n, se refiere principalmente a la circulaci\u00f3n de aire y al contenido de humedad del medio ambiente.<br \/>\nPara dormir bien y c\u00f3modamente, el ambiente no debe estar ni muy caliente ni muy fr\u00edo. La temperatura ambiente ideal para un buen sue\u00f1o es entre 16 y 21 grados.\u00bb image=\u00bbundefined\u00bb\/][icon_block title=\u00bbOlor\u00bb text=\u00bb<br \/>\nLos colchones son los responsables de acomodar nuestro cuerpo entero y, por eso, deben ser elegidos de acuerdo con factores como la estructura corporal y su peso. Adem\u00e1s, para garantizar la calidad del sue\u00f1o, la pieza debe estar siempre limpia y aireada.<br \/>\nAdem\u00e1s de la elecci\u00f3n de un colch\u00f3n con un tejido transpirable, anti \u00e1caros y hongos, la limpieza es importante porque los colchones est\u00e1n sujetos a fluidos, polvo, sudoraci\u00f3n, lo que puede causar alergias de piel o respiratorias\u00bb image=\u00bbundefined\u00bb\/][icon_block image=\u00bbundefined\u00bb text=\u00bb<br \/>\nLa humedad y la temperatura se han convertido en un factor esencial en el dise\u00f1o y la funci\u00f3n de superficies de apoyo.<br \/>\nEl control de temperatura y humedad asociado al sudor se administra con eficacia en colchones activos que proporcionan un alivio frecuente de las presiones de contacto con la piel porque permiten el flujo de aire alrededor de la piel y la interfaz con el colch\u00f3n. Esto replica el movimiento espont\u00e1neo de una persona para quitar el contacto y permitir la dispersi\u00f3n del calor, evitando sudor excesivo. El cambio frecuente del flujo de aire en las c\u00e9lulas tambi\u00e9n contribuir\u00e1 a impedir la acumulaci\u00f3n de calor\u00bb title=\u00bbFlujo de Aire\u00bb\/][icon_block title=\u00bbDensidad\u00bb text=\u00bbA la hora de comprar colch\u00f3n, principalmente si es un colch\u00f3n de espuma, es muy importante que el producto sea adecuado al peso y altura del usuario, para que el producto tenga una vida \u00fatil mayor y garantice siempre confort y salud al cliente.<br \/>\nUna de las principales sugerencias para quien comparte colch\u00f3n con otra persona es medir la densidad usando como datos la altura m\u00e1s grande y tambi\u00e9n el mayor peso, es decir, los datos de la persona m\u00e1s pesada que va a utilizar la cama. De esta forma, el producto quedar\u00e1 c\u00f3modo para ambos, ya que el colch\u00f3n a ser elegido debe tener mayor densidad\u00bb image=\u00bbundefined\u00bb\/][\/icon_blocks][shipping_block image=\u00bbundefined\u00bb text=\u00bbJust download the app from the store.<br \/>\nSimple, nice and user-friendly application of theweather. Only relevant and useful information.\u00bb title=\u00bbEnv\u00edo gratuito\u00bb\/][quote_blocks title=\u00bbOpiniones\u00bb text=\u00bbConsumidores\u00bb][quote_block text=\u00bbWhat art offers is space &#8211; a certain breathing room for the spirit. \u00bb name=\u00bbJohn Updike\u00bb\/][quote_block text=\u00bbWe do not see nature with our eyes, but with our understandings and our hearts.\u00bb name=\u00bbWilliam Hazlitt\u00bb\/][quote_block text=\u00bbThe only courage that matters is the kind that gets you from one moment to the next.\u00bb name=\u00bbMignon McLaughlin\u00bb\/][quote_block text=\u00bbNo man has a good enough memory to be a successful liar. \u00bb name=\u00bbAbraham Lincoln\u00bb\/][\/quote_blocks]<\/p>\n","protected":false},"excerpt":{"rendered":"<p>[main_slider text=\u00bbMake your Dreams Happen\u00bb title=\u00bbDreaming is so easy.\u00bb]94,64,62,43[\/main_slider][icon_blocks title=\u00bbFactores\u00bb text=\u00bbFactores\u00bb][icon_block title=\u00bbTemperatura\u00bb text=\u00bbEn general, el clima se describe como el estado de la atm\u00f3sfera en un lugar determinado. El clima agradable para dormir, especialmente en relaci\u00f3n a la habitaci\u00f3n, se refiere principalmente a la circulaci\u00f3n de aire y al contenido de humedad del medio ambiente. [&hellip;]<\/p>\n","protected":false},"author":1,"featured_media":0,"parent":0,"menu_order":0,"comment_status":"closed","ping_status":"closed","template":"","meta":{"inline_featured_image":false,"footnotes":""},"class_list":["post-833","page","type-page","status-publish","hentry"],"_links":{"self":[{"href":"https:\/\/europeansky.pt\/es\/wp-json\/wp\/v2\/pages\/833","targetHints":{"allow":["GET"]}}],"collection":[{"href":"https:\/\/europeansky.pt\/es\/wp-json\/wp\/v2\/pages"}],"about":[{"href":"https:\/\/europeansky.pt\/es\/wp-json\/wp\/v2\/types\/page"}],"author":[{"embeddable":true,"href":"https:\/\/europeansky.pt\/es\/wp-json\/wp\/v2\/users\/1"}],"replies":[{"embeddable":true,"href":"https:\/\/europeansky.pt\/es\/wp-json\/wp\/v2\/comments?post=833"}],"version-history":[{"count":7,"href":"https:\/\/europeansky.pt\/es\/wp-json\/wp\/v2\/pages\/833\/revisions"}],"predecessor-version":[{"id":3454,"href":"https:\/\/europeansky.pt\/es\/wp-json\/wp\/v2\/pages\/833\/revisions\/3454"}],"wp:attachment":[{"href":"https:\/\/europeansky.pt\/es\/wp-json\/wp\/v2\/media?parent=833"}],"curies":[{"name":"wp","href":"https:\/\/api.w.org\/{rel}","templated":true}]}}