{"id":831,"date":"2018-01-24T14:39:57","date_gmt":"2018-01-24T14:39:57","guid":{"rendered":"http:\/\/demo.bullseye.pt\/wp\/europeansky\/www\/?page_id=66"},"modified":"2020-02-17T12:45:14","modified_gmt":"2020-02-17T12:45:14","slug":"about","status":"publish","type":"page","link":"https:\/\/europeansky.pt\/es\/about\/","title":{"rendered":"Acerca de"},"content":{"rendered":"<p>Tuvimos un sue\u00f1o! Hoy es una realidad.<br \/>\nNuestra historia se remonta a 1993, y los objetivos desde entonces siempre han sido claros: fabricar los mejores productos del mercado.<\/p>\n<p>Hoy como ayer trabajamos el prestigio de la marca con objetivos de excelencia para productos como colchones, sommiers, somieres, s\u00e1banas, edredones y almohadas.<br \/>\nCasi 24 a\u00f1os despu\u00e9s comenzamos una nueva etapa con la renovaci\u00f3n de la marca y los productos, cubrimos todos los objetivos del mercado gracias a nuestro grado tecnol\u00f3gico, mano de obra especializada y productos diferenciados.<\/p>\n<p>Nunca hemos olvidado que la comodidad y el buen sue\u00f1o son cruciales para mejorar la salud y el bienestar. Es por eso que hacemos nuestro mejor pensamiento sobre usted y su familia.<\/p>\n","protected":false},"excerpt":{"rendered":"<p>Tuvimos un sue\u00f1o! Hoy es una realidad. Nuestra historia se remonta a 1993, y los objetivos desde entonces siempre han sido claros: fabricar los mejores productos del mercado. Hoy como ayer trabajamos el prestigio de la marca con objetivos de excelencia para productos como colchones, sommiers, somieres, s\u00e1banas, edredones y almohadas. Casi 24 a\u00f1os despu\u00e9s [&hellip;]<\/p>\n","protected":false},"author":1,"featured_media":0,"parent":0,"menu_order":0,"comment_status":"closed","ping_status":"closed","template":"","meta":{"inline_featured_image":false,"footnotes":""},"class_list":["post-831","page","type-page","status-publish","hentry"],"_links":{"self":[{"href":"https:\/\/europeansky.pt\/es\/wp-json\/wp\/v2\/pages\/831","targetHints":{"allow":["GET"]}}],"collection":[{"href":"https:\/\/europeansky.pt\/es\/wp-json\/wp\/v2\/pages"}],"about":[{"href":"https:\/\/europeansky.pt\/es\/wp-json\/wp\/v2\/types\/page"}],"author":[{"embeddable":true,"href":"https:\/\/europeansky.pt\/es\/wp-json\/wp\/v2\/users\/1"}],"replies":[{"embeddable":true,"href":"https:\/\/europeansky.pt\/es\/wp-json\/wp\/v2\/comments?post=831"}],"version-history":[{"count":3,"href":"https:\/\/europeansky.pt\/es\/wp-json\/wp\/v2\/pages\/831\/revisions"}],"predecessor-version":[{"id":3443,"href":"https:\/\/europeansky.pt\/es\/wp-json\/wp\/v2\/pages\/831\/revisions\/3443"}],"wp:attachment":[{"href":"https:\/\/europeansky.pt\/es\/wp-json\/wp\/v2\/media?parent=831"}],"curies":[{"name":"wp","href":"https:\/\/api.w.org\/{rel}","templated":true}]}}